{"id":2414,"date":"2022-08-02T18:27:35","date_gmt":"2022-08-02T16:27:35","guid":{"rendered":"http:\/\/www.ambaniger-tr.org\/?page_id=2414"},"modified":"2022-08-02T18:27:35","modified_gmt":"2022-08-02T16:27:35","slug":"iletisim","status":"publish","type":"page","link":"https:\/\/www.ambaniger-tr.org\/tr\/iletisim\/","title":{"rendered":"\u0130leti\u015fim"},"content":{"rendered":"<p><strong>Adresse Compl\u00e8te:<\/strong><\/p>\n<p>Mahatma Ghandi Caddesi No: 40 Gaziosmanpa\u015fa, \u00c7ankaya, Ankara, Turquie<br \/>\n<strong>Code Postal:<\/strong>\u00a006700<br \/>\n<strong>Tel.<\/strong> +90 312 436 10 13<br \/>\n+90 312 436 10 14<br \/>\n<strong>Fax:<\/strong> +90 312 436 10 17<br \/>\n<strong>Email:<\/strong> consulaires@ambaniger-tr.org<\/p>\n<p><iframe loading=\"lazy\" style=\"border: 0;\" src=\"https:\/\/www.google.com\/maps\/embed?pb=!1m14!1m8!1m3!1d17569.341807020373!2d32.8771436407713!3d39.88941643328098!3m2!1i1024!2i768!4f13.1!3m3!1m2!1s0x0%3A0x133ea5c784cbba9f!2sAmbassade+du+Niger+en+Turquie+Nijer+Cumhuriyeti+B%C3%BCy%C3%BCkel%C3%A7ili%C4%9Fi!5e0!3m2!1sfr!2str!4v1499764732865\" width=\"800\" height=\"600\" frameborder=\"0\" allowfullscreen=\"allowfullscreen\" data-mce-fragment=\"1\"><\/iframe><\/p>\n","protected":false},"excerpt":{"rendered":"<p>Adresse Compl\u00e8te: Mahatma Ghandi Caddesi No: 40 Gaziosmanpa\u015fa, \u00c7ankaya, Ankara, Turquie Code Postal:\u00a006700 Tel. +90 312 436 10 13 +90 312 436 10 14 Fax: +90<span class=\"excerpt-hellip\"> [\u2026]<\/span><\/p>\n","protected":false},"author":1,"featured_media":0,"parent":0,"menu_order":0,"comment_status":"closed","ping_status":"closed","template":"","meta":{"content-type":"","footnotes":""},"class_list":["post-2414","page","type-page","status-publish","hentry"],"_links":{"self":[{"href":"https:\/\/www.ambaniger-tr.org\/tr\/wp-json\/wp\/v2\/pages\/2414","targetHints":{"allow":["GET"]}}],"collection":[{"href":"https:\/\/www.ambaniger-tr.org\/tr\/wp-json\/wp\/v2\/pages"}],"about":[{"href":"https:\/\/www.ambaniger-tr.org\/tr\/wp-json\/wp\/v2\/types\/page"}],"author":[{"embeddable":true,"href":"https:\/\/www.ambaniger-tr.org\/tr\/wp-json\/wp\/v2\/users\/1"}],"replies":[{"embeddable":true,"href":"https:\/\/www.ambaniger-tr.org\/tr\/wp-json\/wp\/v2\/comments?post=2414"}],"version-history":[{"count":2,"href":"https:\/\/www.ambaniger-tr.org\/tr\/wp-json\/wp\/v2\/pages\/2414\/revisions"}],"predecessor-version":[{"id":2416,"href":"https:\/\/www.ambaniger-tr.org\/tr\/wp-json\/wp\/v2\/pages\/2414\/revisions\/2416"}],"wp:attachment":[{"href":"https:\/\/www.ambaniger-tr.org\/tr\/wp-json\/wp\/v2\/media?parent=2414"}],"curies":[{"name":"wp","href":"https:\/\/api.w.org\/{rel}","templated":true}]}}