{"id":2471,"date":"2022-08-02T19:06:02","date_gmt":"2022-08-02T17:06:02","guid":{"rendered":"http:\/\/www.ambaniger-tr.org\/?page_id=2471"},"modified":"2022-08-02T19:06:02","modified_gmt":"2022-08-02T17:06:02","slug":"istanbul-fahri-konsoloslugu","status":"publish","type":"page","link":"https:\/\/www.ambaniger-tr.org\/tr\/istanbul-fahri-konsoloslugu\/","title":{"rendered":"\u0130stanbul Fahri Konsoloslu\u011fu"},"content":{"rendered":"<p><strong>Consulat Honoraire du Niger \u00e0 Istanbul<\/strong><\/p>\n<p><em><strong><span style=\"text-decoration: underline;\">Consul Honoraire:<\/span><\/strong><\/em> Avni \u00c7elik<\/p>\n<p><span style=\"text-decoration: underline;\"><em><strong>Adresse:<\/strong><\/em><\/span><\/p>\n<p>Sinpa\u015f Plaza, Barbaros Bulvar\u0131, Yenido\u011fan Sok. No: 36<\/p>\n<p>343449 Darphane &#8211; Be\u015fikta\u015f \/ Istanbul<\/p>\n<p><span style=\"text-decoration: underline;\"><strong>E-mail:<\/strong><\/span>\u00a0consulathon-ist@ambaniger-tr.org<\/p>\n<p><span style=\"text-decoration: underline;\"><strong><em>T\u00e9l.<\/em><\/strong><\/span> 0212 310 27 57<\/p>\n<p><span style=\"text-decoration: underline;\"><em><strong>Fax:<\/strong><\/em><\/span> 0212 259 56 34<\/p>\n","protected":false},"excerpt":{"rendered":"<p>Consulat Honoraire du Niger \u00e0 Istanbul Consul Honoraire: Avni \u00c7elik Adresse: Sinpa\u015f Plaza, Barbaros Bulvar\u0131, Yenido\u011fan Sok. No: 36 343449 Darphane &#8211; Be\u015fikta\u015f \/ Istanbul E-mail:\u00a0consulathon-ist@ambaniger-tr.org<span class=\"excerpt-hellip\"> [\u2026]<\/span><\/p>\n","protected":false},"author":1,"featured_media":0,"parent":0,"menu_order":0,"comment_status":"closed","ping_status":"closed","template":"page.php","meta":{"content-type":"","footnotes":""},"class_list":["post-2471","page","type-page","status-publish","hentry"],"_links":{"self":[{"href":"https:\/\/www.ambaniger-tr.org\/tr\/wp-json\/wp\/v2\/pages\/2471","targetHints":{"allow":["GET"]}}],"collection":[{"href":"https:\/\/www.ambaniger-tr.org\/tr\/wp-json\/wp\/v2\/pages"}],"about":[{"href":"https:\/\/www.ambaniger-tr.org\/tr\/wp-json\/wp\/v2\/types\/page"}],"author":[{"embeddable":true,"href":"https:\/\/www.ambaniger-tr.org\/tr\/wp-json\/wp\/v2\/users\/1"}],"replies":[{"embeddable":true,"href":"https:\/\/www.ambaniger-tr.org\/tr\/wp-json\/wp\/v2\/comments?post=2471"}],"version-history":[{"count":2,"href":"https:\/\/www.ambaniger-tr.org\/tr\/wp-json\/wp\/v2\/pages\/2471\/revisions"}],"predecessor-version":[{"id":2473,"href":"https:\/\/www.ambaniger-tr.org\/tr\/wp-json\/wp\/v2\/pages\/2471\/revisions\/2473"}],"wp:attachment":[{"href":"https:\/\/www.ambaniger-tr.org\/tr\/wp-json\/wp\/v2\/media?parent=2471"}],"curies":[{"name":"wp","href":"https:\/\/api.w.org\/{rel}","templated":true}]}}